{"id":13045,"date":"2020-12-10T13:12:35","date_gmt":"2020-12-10T12:12:35","guid":{"rendered":"https:\/\/stage.golfclub.ch\/?page_id=13045"},"modified":"2021-01-04T16:04:26","modified_gmt":"2021-01-04T15:04:26","slug":"masterplan-krause","status":"publish","type":"page","link":"https:\/\/stage.golfclub.ch\/en\/anlage\/masterplan-krause\/","title":{"rendered":"Masterplan Krause"},"content":{"rendered":"\n<p><\/p>\n\n\n\n<iframe loading=\"lazy\" src=\"https:\/\/player.vimeo.com\/video\/492404551\" width=\"640\" height=\"360\" frameborder=\"0\" allow=\"autoplay; fullscreen\" allowfullscreen=\"\"><\/iframe>\n\n\n\n<h2 class=\"wp-block-heading\"><a href=\"https:\/\/stage.golfclub.ch\/wp-content\/uploads\/2021\/01\/Fragen-zu-Masterplan.pdf\" target=\"_blank\" rel=\"noreferrer noopener\">Fragen und Antworten<\/a><\/h2>\n\n\n\n<p>2.1.21\/<em>F: Wird alles auf einmal umgesetzt?<\/em> A: Nein. David Krause hat den gesamten Masterplan in 8 Teilprojekte (Baulose) aufgeteilt, damit auch der Spielbetrieb auf mindesten 18 L\u00f6chern weitergef\u00fchrt werden kann. Die Baulose wurden so zusammengestellt, dass einerseits die zu verschiebenden Erdmassen kurze Wege erfahren, der Spielbetrieb m\u00f6glichst wenig tangiert wird und das Investitionsvolumen gleichm\u00e4ssig verteilt wird. So soll beispielsweise das Aushubmaterial des Teiches B9 als Modellierungsmasse des Pitching-Areals dienen und gleichzeitig umgesetzt werden.<\/p>\n\n\n\n<p>31.12.20\/<em>F: Haben die Bunker und Abschl\u00e4ge erste Priorit\u00e4t?<\/em> A: Nein. Es geht grunds\u00e4tzlich gem\u00e4ss den Baulosen, ausser in Einzelf\u00e4llen, dann gem\u00e4ss Masterplan.<\/p>\n\n\n\n<p>31.12.20\/<em>F: Wird die Umsetzung des Masterplans Folgen auf die Jahresbeitr\u00e4ge haben?<\/em> A: Diese Investitionen sollen keine Beitragserh\u00f6hungen oder finanzielle Zusatzbelastungen der Mitglieder haben.<\/p>\n\n\n\n<p>31.12.20\/<em>F: Bleiben einige \u00c4nderungen Wunschdenken?<\/em> A: Die Umsetzung der Baulose bed\u00fcrfen eines genehmigten Nutzungsplans. Wenn dieser alle Elemente zul\u00e4sst, steht einer Umsetzung grunds\u00e4tzlich nichts im Weg. Vorbehalte: Entscheid VR &amp; keine finanziellen Risiken.<\/p>\n\n\n\n<p>31.12.20\/<em>F: Wann wird endlich der Zugangsweg zu BLAU 1 saniert?<\/em> A: Diese Neugestaltung des Weges steht bei uns ganz oben auf der Liste. Sobald wir die Kapazit\u00e4ten im Greenkeeping haben, wird der alte Weg aufgehoben und ein neuer, begr\u00fcnter Weg entlang des Pitching-Areals und des Dorfbachs gelegt.<\/p>\n\n\n\n<p>28.12.20\/<em>F: Warum werden die Backtees GELB 5 noch weiter nach hinten genommen?<\/em> A: Um den guten Spielern eine zus\u00e4tzliche Herausforderung zu bieten.<\/p>\n\n\n\n<p>28.12.20\/<em>F: Warum wird immer so viel Sand in den Platz eingebracht und B\u00e4ume gerodet?<\/em> A: Baum- und Buschwerkpflege wie auch das Topdressing geh\u00f6ren zur nachhaltigen Golfplatzpflege. B\u00e4ume und Buschwerke wachsen sehr schnell und m\u00fcssen j\u00e4hrlich geschnitten werden. Auch das Sanden ist die nachhaltigste Investition in unseren Platz. Rasen gedeiht am besten in sandigen B\u00f6den und hat daher die beste Vitalit\u00e4t und Resistenz gegen Krankheiten. Daher besteht der integrierte Pflanzenschutz prim\u00e4r aus Sanden, Aerifizieren, Striegeln und Vertikutieren. Die Greens sind nur Dank des Sandes so perfekt. Es wurden gerade im Jahr 2020 auch viele B\u00e4ume und 2&#8217;000 B\u00fcsche neu gepflanzt.<\/p>\n\n\n\n<p>24.12.20\/<em>F: Was kostet der Umbau?<\/em> A: Laut Grobkostensch\u00e4tzung von David Krause vom M\u00e4rz 2018 kostet die Umsetzung aller 8 Baulose inklusive Umbau \u00dcbungsanlage 2.7 Mio.<\/p>\n\n\n\n<p>24.12.20\/<em>F: Ist ein Springbrunnen im Teich 9 BLAU vorgesehen?<\/em> A: Nein, der Teich wird \u00fcber Schwellen mit Sauerstoff angereichert.<\/p>\n\n\n\n<p>24.12.20\/<em>F: Ist es vorgesehen, die Zufahrtsstrasse zum Golfplatz mit einer Allee zu begl\u00fccken?<\/em> A: Die Zufahrt Wylihof ist Bestandteil eines Masterplans &#8220;Neugestaltung Wylihof-Gel\u00e4nde&#8221; in Zusammenarbeit mit dem Parkforum, der Vigier und Yvonne H\u00fcrlimann. Die Einfahrt ist ein Thema, aber noch nicht definiert.<\/p>\n\n\n\n<p>24.12.20\/<em>F: Warum wird der Platz immer einfacher gemacht?<\/em> A: Der Platz soll f\u00fcr die Einsteiger und die &gt;Hcp20-Golfer spielbar sein. Golf muss Spass machen und die Rundenzeiten sollen unter 4 Stunden bleiben. Taktische Hindernisse m\u00fcssen dort liegen, wo gute Spieler vor Herausforderungen gestellt werden. Das Spiel entscheidet sich f\u00fcr gute Spieler um und auf dem Green! Diese Spielbereiche m\u00fcssen attraktiv und selektiv sein. Die Hcp-Statistik zeigt, dass der Wylihof nicht einfach ist. So haben gerade die letzten Clubmeisterschaften gezeigt, dass von den besten Spielern unseres Clubs fast keiner unterspielt hat und das obwohl die Fahnen absichtlich nicht schwer gesteckt waren.<\/p>\n\n\n\n<p>23.12.20\/<em>F: Ist es das Ziel, dass ein Grossteil der Arbeiten durch die Greenkeeper-Crew gemacht werden soll?<\/em> A: Da die Baulose zum Teil mit vielen Erdverschiebungen verbunden sind, muss ein Grossteil der Arbeiten im Sommer erledigt werden. Daher k\u00f6nnen sicher nicht viele Arbeiten durch unser Team erledigt werden.<\/p>\n\n\n\n<p>23.12.20\/<em>F: Welche Reaktionen werden vom Naturschutz erwartet?<\/em> A: Das Amt f\u00fcr Umwelt kennt den Plan und wir verhandeln momentan den Nutzungsplan, der all diese Fragen beantworten wird. Ob es Einsprachen zum Plan gibt, wissen wir noch nicht.<\/p>\n\n\n\n<p>22.12.20\/<em>F: In welchem Zeitraum sollen die jeweiligen \u00c4nderungen vorgenommen werden?<\/em> A: Da wir noch keinen genehmigten Nutzungsplan haben, ist noch nicht sicher, welche Elemente effektiv gebaut werden d\u00fcrfen und welche nicht. Das Gesamtprojekt wurde in 8 Baulose (inklusive \u00dcbungsgel\u00e4nde) eingeteilt. Die Priorisierung der einzelnen Baulose h\u00e4ngt von der Machbarkeit (Nutzungsplan) und der finanziellen Situation ab. Um den Spielbetrieb l\u00fcckenlos aufrecht zu erhalten, k\u00f6nnen die einzelnen Baulose sicher nicht gleichzeitig angepackt werden.18 Loch sollen immer spielbar sein.<\/p>\n","protected":false},"excerpt":{"rendered":"<p>2.1.21\/F: Wird alles auf einmal umgesetzt? A: Nein. David Krause hat den gesamten Masterplan in 8 Teilprojekte (Baulose) aufgeteilt, damit [&hellip;]<\/p>\n","protected":false},"author":7,"featured_media":0,"parent":4,"menu_order":35,"comment_status":"closed","ping_status":"closed","template":"","meta":{"footnotes":""},"class_list":["post-13045","page","type-page","status-publish","hentry"],"acf":[],"aioseo_notices":[],"_links":{"self":[{"href":"https:\/\/stage.golfclub.ch\/en\/wp-json\/wp\/v2\/pages\/13045","targetHints":{"allow":["GET"]}}],"collection":[{"href":"https:\/\/stage.golfclub.ch\/en\/wp-json\/wp\/v2\/pages"}],"about":[{"href":"https:\/\/stage.golfclub.ch\/en\/wp-json\/wp\/v2\/types\/page"}],"author":[{"embeddable":true,"href":"https:\/\/stage.golfclub.ch\/en\/wp-json\/wp\/v2\/users\/7"}],"replies":[{"embeddable":true,"href":"https:\/\/stage.golfclub.ch\/en\/wp-json\/wp\/v2\/comments?post=13045"}],"version-history":[{"count":14,"href":"https:\/\/stage.golfclub.ch\/en\/wp-json\/wp\/v2\/pages\/13045\/revisions"}],"predecessor-version":[{"id":13122,"href":"https:\/\/stage.golfclub.ch\/en\/wp-json\/wp\/v2\/pages\/13045\/revisions\/13122"}],"up":[{"embeddable":true,"href":"https:\/\/stage.golfclub.ch\/en\/wp-json\/wp\/v2\/pages\/4"}],"wp:attachment":[{"href":"https:\/\/stage.golfclub.ch\/en\/wp-json\/wp\/v2\/media?parent=13045"}],"curies":[{"name":"wp","href":"https:\/\/api.w.org\/{rel}","templated":true}]}}