{"id":13853,"date":"2021-05-04T13:03:24","date_gmt":"2021-05-04T11:03:24","guid":{"rendered":"https:\/\/stage.golfclub.ch\/?page_id=13853"},"modified":"2024-04-29T13:37:57","modified_gmt":"2024-04-29T11:37:57","slug":"teams","status":"publish","type":"page","link":"https:\/\/stage.golfclub.ch\/en\/club\/teams\/","title":{"rendered":"Teams"},"content":{"rendered":"\n<figure class=\"wp-block-image size-large\"><img loading=\"lazy\" decoding=\"async\" width=\"400\" height=\"400\" src=\"https:\/\/stage.golfclub.ch\/wp-content\/uploads\/2024\/04\/17_0-400x400.jpg\" alt=\"\" class=\"wp-image-19824\" srcset=\"https:\/\/stage.golfclub.ch\/wp-content\/uploads\/2024\/04\/17_0-400x400.jpg 400w, https:\/\/stage.golfclub.ch\/wp-content\/uploads\/2024\/04\/17_0-282x282.jpg 282w, https:\/\/stage.golfclub.ch\/wp-content\/uploads\/2024\/04\/17_0-1536x1536.jpg 1536w, https:\/\/stage.golfclub.ch\/wp-content\/uploads\/2024\/04\/17_0-624x624.jpg 624w, https:\/\/stage.golfclub.ch\/wp-content\/uploads\/2024\/04\/17_0.jpg 1680w\" sizes=\"auto, (max-width: 400px) 100vw, 400px\" \/><figcaption class=\"wp-element-caption\"><strong>Claudio M\u00fcller<\/strong>, <a href=\"mailto:mensday.wylihof@gmail.com\">mensday.wylihof@gmail.com<\/a><\/figcaption><\/figure>\n\n\n\n<p><strong>Mens Day<\/strong><br>Sehnen Sie sich nach einem sportlich kollegialen Freitags-Match und einem gem\u00fctlichen Bierchen nach der Runde? Einmal im Monat treffen sich die M\u00e4nner des Wylihofs zum Nachmittagsturnier. Spass am Spiel und an der Geselligkeit nach der Runde stehen beim Mens Day im Mittelpunkt.<br>Voraussetzung: m\u00e4nnlich, golfhungrig und 21 bis 65 Jahre alt.<\/p>\n\n\n\n<p><\/p>\n\n\n\n<p><\/p>\n\n\n\n<p><\/p>\n\n\n\n<div class=\"wp-block-columns is-layout-flex wp-container-core-columns-is-layout-9d6595d7 wp-block-columns-is-layout-flex\">\n<div class=\"wp-block-column is-layout-flow wp-block-column-is-layout-flow\" style=\"flex-basis:100%\">\n<figure class=\"wp-block-image size-large\"><img loading=\"lazy\" decoding=\"async\" width=\"400\" height=\"400\" src=\"https:\/\/stage.golfclub.ch\/wp-content\/uploads\/2024\/04\/16_0-400x400.jpg\" alt=\"\" class=\"wp-image-19827\" srcset=\"https:\/\/stage.golfclub.ch\/wp-content\/uploads\/2024\/04\/16_0-400x400.jpg 400w, https:\/\/stage.golfclub.ch\/wp-content\/uploads\/2024\/04\/16_0-282x282.jpg 282w, https:\/\/stage.golfclub.ch\/wp-content\/uploads\/2024\/04\/16_0-1536x1536.jpg 1536w, https:\/\/stage.golfclub.ch\/wp-content\/uploads\/2024\/04\/16_0-624x624.jpg 624w, https:\/\/stage.golfclub.ch\/wp-content\/uploads\/2024\/04\/16_0.jpg 1680w\" sizes=\"auto, (max-width: 400px) 100vw, 400px\" \/><figcaption class=\"wp-element-caption\"><strong>Sabine Weyeneth<\/strong><\/figcaption><\/figure>\n<\/div>\n<\/div>\n\n\n\n<p><strong>FroueGolf<\/strong><br>Sehnen Sie sich nach einem sportlich kollegialen Freitags-Match und einem sonnigen Drink nach der Runde? Einmal im Monat treffen sich die Frauen des Wylihofs zum Nachmittagsturnier. Spass am Spiel und an der Geselligkeit nach der Runde stehen beim FroueGolf im Mittelpunkt.<br>Voraussetzung: weiblich, golfhungrig und gesellig.<br><\/p>\n\n\n\n<p><\/p>\n\n\n\n<figure class=\"wp-block-image size-large\"><img loading=\"lazy\" decoding=\"async\" width=\"267\" height=\"400\" src=\"https:\/\/stage.golfclub.ch\/wp-content\/uploads\/2022\/05\/Silvio-Novaglia-267x400.jpg\" alt=\"\" class=\"wp-image-15957\" srcset=\"https:\/\/stage.golfclub.ch\/wp-content\/uploads\/2022\/05\/Silvio-Novaglia-267x400.jpg 267w, https:\/\/stage.golfclub.ch\/wp-content\/uploads\/2022\/05\/Silvio-Novaglia-282x423.jpg 282w, https:\/\/stage.golfclub.ch\/wp-content\/uploads\/2022\/05\/Silvio-Novaglia-1024x1536.jpg 1024w, https:\/\/stage.golfclub.ch\/wp-content\/uploads\/2022\/05\/Silvio-Novaglia-624x936.jpg 624w, https:\/\/stage.golfclub.ch\/wp-content\/uploads\/2022\/05\/Silvio-Novaglia.jpg 1120w\" sizes=\"auto, (max-width: 267px) 100vw, 267px\" \/><figcaption class=\"wp-element-caption\"><strong>Silvio Novaglia<\/strong>, novaglia@bluewin.ch<\/figcaption><\/figure>\n\n\n\n<p><strong>Midgolf<\/strong><br>Das knackig-gem\u00fctliche 9 Loch Turnier mit Kanonenstart am sp\u00e4ten Mittwochnachmittag ist f\u00fcr alle Wylihof Mitglieder ausgeschrieben, denen die Geselligkeit und die sozialen Kontakte genauso wichtig sind, wie das Golfen. In der geselligen Runde auf der Sonnenterrasse im Golfrestaurant, k\u00f6nnen besonders auch Neumitglieder viele interessante Kontakte kn\u00fcpfen und neue Mitglieder kennen lernen.<br>Felix und sein Restaurant-Team verw\u00f6hnt die Midgolfer stehts mit speziellen K\u00f6stlichkeiten und auserlesenen Weinen. Geniessen ist angesagt!<\/p>\n\n\n\n<p><\/p>\n\n\n\n<p><br><\/p>\n\n\n\n<figure class=\"wp-block-image size-large\"><img loading=\"lazy\" decoding=\"async\" width=\"300\" height=\"400\" src=\"https:\/\/stage.golfclub.ch\/wp-content\/uploads\/2021\/05\/Allan-Jorgensen-300x400.jpg\" alt=\"\" class=\"wp-image-13904\" srcset=\"https:\/\/stage.golfclub.ch\/wp-content\/uploads\/2021\/05\/Allan-Jorgensen-300x400.jpg 300w, https:\/\/stage.golfclub.ch\/wp-content\/uploads\/2021\/05\/Allan-Jorgensen-282x376.jpg 282w, https:\/\/stage.golfclub.ch\/wp-content\/uploads\/2021\/05\/Allan-Jorgensen-1152x1536.jpg 1152w, https:\/\/stage.golfclub.ch\/wp-content\/uploads\/2021\/05\/Allan-Jorgensen-624x832.jpg 624w, https:\/\/stage.golfclub.ch\/wp-content\/uploads\/2021\/05\/Allan-Jorgensen.jpg 1260w\" sizes=\"auto, (max-width: 300px) 100vw, 300px\" \/><figcaption class=\"wp-element-caption\"><strong>Allan Jorgensen<\/strong>, ajorgensen@bluewin.ch<\/figcaption><\/figure>\n\n\n\n<p><strong>Sportteam<\/strong><br>Wollen Sie ihr Golfspiel im Gruppentraining verbessern und hilfreiche Trainings-Tipps mitnehmen? In entspannter Atmosph\u00e4re mit gleichgesinnten Golfern lernen Sie neue Mitglieder und interessante \u00dcbungsmethoden kennen, die Ihr Spiel weiterbringen. Das w\u00f6chentliche Sportteam-Training findet jeweils am Dienstag und Donnerstag statt und wird von Jonas Hagert geleitet.<br>Voraussetzung: Hcp 18.5 und einen grossen Wissensdurst.<br>Kosten: CHF 400.00 pro Saison.<\/p>\n","protected":false},"excerpt":{"rendered":"<p>Mens DaySehnen Sie sich nach einem sportlich kollegialen Freitags-Match und einem gem\u00fctlichen Bierchen nach der Runde? Einmal im Monat treffen [&hellip;]<\/p>\n","protected":false},"author":2,"featured_media":0,"parent":7,"menu_order":61,"comment_status":"closed","ping_status":"closed","template":"","meta":{"footnotes":""},"class_list":["post-13853","page","type-page","status-publish","hentry"],"acf":[],"aioseo_notices":[],"_links":{"self":[{"href":"https:\/\/stage.golfclub.ch\/en\/wp-json\/wp\/v2\/pages\/13853","targetHints":{"allow":["GET"]}}],"collection":[{"href":"https:\/\/stage.golfclub.ch\/en\/wp-json\/wp\/v2\/pages"}],"about":[{"href":"https:\/\/stage.golfclub.ch\/en\/wp-json\/wp\/v2\/types\/page"}],"author":[{"embeddable":true,"href":"https:\/\/stage.golfclub.ch\/en\/wp-json\/wp\/v2\/users\/2"}],"replies":[{"embeddable":true,"href":"https:\/\/stage.golfclub.ch\/en\/wp-json\/wp\/v2\/comments?post=13853"}],"version-history":[{"count":52,"href":"https:\/\/stage.golfclub.ch\/en\/wp-json\/wp\/v2\/pages\/13853\/revisions"}],"predecessor-version":[{"id":19830,"href":"https:\/\/stage.golfclub.ch\/en\/wp-json\/wp\/v2\/pages\/13853\/revisions\/19830"}],"up":[{"embeddable":true,"href":"https:\/\/stage.golfclub.ch\/en\/wp-json\/wp\/v2\/pages\/7"}],"wp:attachment":[{"href":"https:\/\/stage.golfclub.ch\/en\/wp-json\/wp\/v2\/media?parent=13853"}],"curies":[{"name":"wp","href":"https:\/\/api.w.org\/{rel}","templated":true}]}}