{"id":20268,"date":"2024-08-05T10:29:20","date_gmt":"2024-08-05T08:29:20","guid":{"rendered":"https:\/\/stage.golfclub.ch\/?page_id=20268"},"modified":"2024-08-08T14:45:42","modified_gmt":"2024-08-08T12:45:42","slug":"firmenturniere","status":"publish","type":"page","link":"https:\/\/stage.golfclub.ch\/en\/firmenturniere\/","title":{"rendered":"Firmenturniere"},"content":{"rendered":"\n<p>Unser zentral gelegener 27-Loch-Platz ist eine der l\u00e4ngsten und sportlich anspruchsvollsten Golfanlagen des Landes. Die Parkland-Anlage zeichnet sich durch harmonisch angelegte Gew\u00e4sser, sanfte Konturen in der bewaldeten und flachen Auenlandschaft des Aare-Ufers und strategisch interessante Bahnen aus.<br>Ein erholsames Golf-Erlebnis ist garantiert.<\/p>\n\n\n\n<p>Gerne unterst\u00fctzen wir Sie bei der Umsetzung Ihres Firmen-, Mitarbeiter- oder Familien-Events. Die exzellente Gastronomie und die professionelle Golfschule werden Ihren Anlass zu einem einmaligen Erlebnis veredeln, egal ob grosses Kunden-Golfturnier, pers\u00f6nlicher Incentive-Event oder nur ein kleiner Schnupperkurs, wir bieten f\u00fcr alle Anl\u00e4sse den richtigen Rahmen.<\/p>\n\n\n\n<h2 class=\"wp-block-heading\">Golfturnier \u00fcber 9 oder 18 Loch<\/h2>\n\n\n\n<p>Wir unterst\u00fctzen Sie bei der Gestaltung der Einladungen und f\u00fchren Sie durch die M\u00f6glichkeiten der Gastronomie, vom Fr\u00fchst\u00fcck \u00fcber die Zwischenverpflegung bis hin zum Dinner. Wir erstellen die Startliste, geben die Scorekarten ab, betreuen das Spiel, erfassen die Resultate, werten aus und unterst\u00fctzen Sie bei der Ansprache und der Preisverteilung. Lehnen Sie sich zur\u00fcck und geniessen Sie einen Golftag im Wylihof.<\/p>\n\n\n\n<p>Preise:<\/p>\n\n\n\n<ul class=\"wp-block-list\">\n<li>Fr\u00fchst\u00fcck ab CHF 20<\/li>\n\n\n\n<li>Zwischenverpflegung ab CHF 18<\/li>\n\n\n\n<li>Welcome Back ab CHF 8<\/li>\n\n\n\n<li>Dinner ab CHF 55<\/li>\n\n\n\n<li>Golf ab CHF 90<\/li>\n<\/ul>\n\n\n\n<p><a href=\"https:\/\/stage.golfclub.ch\/wp-content\/uploads\/2024\/08\/Turnier-Catering-Angebot.pdf\" target=\"_blank\" rel=\"noopener\" title=\"\">Angebote Gastronomie<\/a><br><a href=\"https:\/\/stage.golfclub.ch\/wp-content\/uploads\/2024\/08\/Firmen-Turniere.pdf\" target=\"_blank\" rel=\"noopener\" title=\"\">Angebote Golfturnier<\/a><\/p>\n\n\n\n<h2 class=\"wp-block-heading\">Incentive-Golf-Event<\/h2>\n\n\n\n<p>Laden Sie ihre Mitarbeiter, Kunden oder Familie zu einem gem\u00fctlichen Golf-Schnupper-Event ein. <br>Bei einem Welcome-Ap\u00e9ro lernen sie Ihren Golflehrer kennen, werden in die Passion des Golfsports eingef\u00fchrt, spielen die ersten L\u00f6cher auf dem \u00abrichtigen\u00bb Platz und lassen den warmen Sommer-Abend auf der Terrasse des Golfrestaurants bei einem sch\u00f6nen Glas Wein und einem gepflegten Dinner ausklingen.<\/p>\n\n\n\n<p>Preise:<\/p>\n\n\n\n<ul class=\"wp-block-list\">\n<li>Welcome-Ap\u00e9ro ab CHF 15<\/li>\n\n\n\n<li>Dinner ab CHF 55<\/li>\n\n\n\n<li>Golf-Schnupperkurs ab CHF&nbsp;30<\/li>\n<\/ul>\n\n\n\n<p><a href=\"https:\/\/stage.golfclub.ch\/wp-content\/uploads\/2024\/08\/Turnier-Catering-Angebot.pdf\" target=\"_blank\" rel=\"noopener\" title=\"\">Angebote Gastronomie<\/a><br><a href=\"https:\/\/www.taw.golf\/firmenanlass\/\" target=\"_blank\" rel=\"noopener\" title=\"\">Angebote Golf-Schnupperkurs<\/a><\/p>\n","protected":false},"excerpt":{"rendered":"<p>Unser zentral gelegener 27-Loch-Platz ist eine der l\u00e4ngsten und sportlich anspruchsvollsten Golfanlagen des Landes. Die Parkland-Anlage zeichnet sich durch harmonisch [&hellip;]<\/p>\n","protected":false},"author":7,"featured_media":0,"parent":0,"menu_order":120,"comment_status":"closed","ping_status":"closed","template":"","meta":{"footnotes":""},"class_list":["post-20268","page","type-page","status-publish","hentry"],"acf":[],"aioseo_notices":[],"_links":{"self":[{"href":"https:\/\/stage.golfclub.ch\/en\/wp-json\/wp\/v2\/pages\/20268","targetHints":{"allow":["GET"]}}],"collection":[{"href":"https:\/\/stage.golfclub.ch\/en\/wp-json\/wp\/v2\/pages"}],"about":[{"href":"https:\/\/stage.golfclub.ch\/en\/wp-json\/wp\/v2\/types\/page"}],"author":[{"embeddable":true,"href":"https:\/\/stage.golfclub.ch\/en\/wp-json\/wp\/v2\/users\/7"}],"replies":[{"embeddable":true,"href":"https:\/\/stage.golfclub.ch\/en\/wp-json\/wp\/v2\/comments?post=20268"}],"version-history":[{"count":13,"href":"https:\/\/stage.golfclub.ch\/en\/wp-json\/wp\/v2\/pages\/20268\/revisions"}],"predecessor-version":[{"id":20296,"href":"https:\/\/stage.golfclub.ch\/en\/wp-json\/wp\/v2\/pages\/20268\/revisions\/20296"}],"wp:attachment":[{"href":"https:\/\/stage.golfclub.ch\/en\/wp-json\/wp\/v2\/media?parent=20268"}],"curies":[{"name":"wp","href":"https:\/\/api.w.org\/{rel}","templated":true}]}}